{"id":48,"date":"2019-05-29T18:15:19","date_gmt":"2019-05-29T16:15:19","guid":{"rendered":"http:\/\/juneginliqueur.com\/?page_id=48"},"modified":"2019-06-03T11:34:19","modified_gmt":"2019-06-03T09:34:19","slug":"mentions_legales","status":"publish","type":"page","link":"https:\/\/junewildpeach.com\/fr\/mentions_legales\/","title":{"rendered":"Mentions l\u00e9gales"},"content":{"rendered":"<h2>Politique de confidentialit\u00e9<\/h2>\n<p>En nous communiquant vos renseignements et donn\u00e9es personnelles, vous consentez \u00e0 ce qu\u2019ils soient utilis\u00e9s et communiqu\u00e9s dans les conditions d\u00e9finies ci-dessous :<\/p>\n<p><strong>1. INFORMATIONS G\u00c9N\u00c9RALES<\/strong><\/p>\n<p>Par l\u2019interm\u00e9diaire du Site, MAISON VILLEVERT peut \u00eatre amen\u00e9e \u00e0 collecter des donn\u00e9es personnelles communiqu\u00e9es notamment dans le cadre de demandes d\u2019informations (par exemple nom, pr\u00e9nom, adresse e-mail, \u00e2ge, ville, \u00e9tat et pays de r\u00e9sidence, num\u00e9ro de t\u00e9l\u00e9phone).<\/p>\n<p>Toute information personnelle que vous serez amen\u00e9 \u00e0 transmettre \u00e0 MAISON VILLEVERT pour l\u2019utilisation de certains services est soumise aux dispositions de la loi n\u00b0 78-17 Informatique et Libert\u00e9s du 6 janvier 1978.<\/p>\n<p><strong>2. DROIT D\u2019ACC\u00c8S, DE RECTIFICATION, DE SUPPRESSION ET D\u2019OPPOSITION<\/strong><\/p>\n<p>L\u2019Utilisateur dispose \u00e0 tout moment d\u2019un droit d\u2019acc\u00e8s, de rectification, et de suppression des informations personnelles le concernant, et de la possibilit\u00e9 de s\u2019opposer au traitement de ces donn\u00e9es. L\u2019Utilisateur peut \u00e9galement s\u2019opposer \u00e0 ce que ses informations personnelles soient utilis\u00e9es \u00e0 des fins de prospection commerciale, en adressant un e-mail \u00e0 : info@maisonvillevert.com<\/p>\n<p><strong>3. GESTION DES DONN\u00c9ES PERSONNELLES<\/strong><\/p>\n<p>Finalit\u00e9s de la collecte des donn\u00e9es :<\/p>\n<p>Au travers du Site, MAISON VILLEVERT collecte les donn\u00e9es vous concernant uniquement pour les finalit\u00e9s suivantes :<\/p>\n<p>\u2013 Gestion de la relation client et prospects ;<\/p>\n<p>\u2013 Segmentation commerciale, personnalisation de nos services et communications ;<\/p>\n<p>\u2013 Transmission d\u2019informations relatives \u00e0 MAISON VILLEVERT et \u00e0 son activit\u00e9 ;<\/p>\n<p>\u2013 Statistiques, \u00e9tudes et analyses, marketing, perfectionnement du Site, des produits et services de MAISON VILLEVERT.<\/p>\n<p>Nous vous invitons \u00e0 consulter le paragraphe \u00ab DROIT D\u2019ACC\u00c8S, DE RECTIFICATION, DE SUPPRESSION ET D\u2019OPPOSITION \u00bb ci-dessus.<\/p>\n<p>Conservation des donn\u00e9es :<\/p>\n<p>Les donn\u00e9es sont conserv\u00e9es pendant toute la dur\u00e9e n\u00e9cessaire aux finalit\u00e9s pour lesquelles elles ont \u00e9t\u00e9 collect\u00e9es et sont, en tout \u00e9tat de cause, d\u00e9truites \u00e0 l\u2019issue de celle-ci.<\/p>\n<p>Destinataires des donn\u00e9es :<\/p>\n<p>MAISON VILLEVERT est destinataire des donn\u00e9es.<\/p>\n<p>MAISON VILLEVERT est susceptible de partager vos donn\u00e9es personnelles avec d\u2019autres entit\u00e9s du groupe MAISON VILLEVERT, en France et \u00e0 l\u2019\u00e9tranger, \u00e0 des fins de gestion de la relation client\/prospect, de prospection commerciale, d\u2019\u00e9tudes et statistiques dans le respect de vos choix en mati\u00e8re de prospection commerciale.<\/p>\n<p>En dehors des cas vis\u00e9s ci-dessus, MAISON VILLEVERT ne transmet vos donn\u00e9es personnelles \u00e0 un tiers que lorsque le partage desdites informations avec ce tiers est strictement n\u00e9cessaire \u00e0 la fourniture des produits ou services et\/ou quand MAISON VILLEVERT est somm\u00e9e par une autorit\u00e9 judiciaire ou toute autre autorit\u00e9 administrative comp\u00e9tente de lui communiquer lesdites informations.<\/p>\n<p>S\u00e9curit\u00e9 et confidentialit\u00e9 des donn\u00e9es MAISON VILLEVERT s\u2019efforce de mettre en place toutes pr\u00e9cautions utiles pour pr\u00e9server la confidentialit\u00e9 et la s\u00e9curit\u00e9 des donn\u00e9es personnelles collect\u00e9es et trait\u00e9es et emp\u00eacher qu\u2019elles ne soient d\u00e9form\u00e9es, endommag\u00e9es, d\u00e9truites ou que des tiers non autoris\u00e9s y aient acc\u00e8s.<\/p>\n<p>Cependant, MAISON VILLEVERT ne ma\u00eetrise pas tous les risques li\u00e9s au fonctionnement d\u2019Internet et attire l\u2019attention des utilisateurs du Site sur l\u2019existence d\u2019\u00e9ventuels risques inh\u00e9rents \u00e0 son utilisation et \u00e0 son fonctionnement.<\/p>\n<p><strong>4. MODIFICATION DE NOTRE CHARTE DONN\u00c9ES PERSONNELLES<\/strong><\/p>\n<p>MAISON VILLEVERT peut \u00eatre amen\u00e9e \u00e0 modifier la pr\u00e9sente Politique. Nous veillerons \u00e0 ce que vous soyez inform\u00e9s de ces modifications soit par une mention sp\u00e9ciale sur notre Site, soit par un avertissement personnalis\u00e9 notamment dans le cadre de nos envois de newsletters.<\/p>\n<p><strong>5. PROTECTION DES PERSONNES N\u2019AYANT PAS ATTEINT L\u2019\u00c2GE L\u00c9GAL DE CONSOMMATION D\u2019ALCOOL<\/strong><\/p>\n<p>L\u2019acc\u00e8s au Site \u00e9tant encadr\u00e9 par les Conditions G\u00e9n\u00e9rales d\u2019Utilisation du Site, MAISON VILLEVERT ne pourra pas collecter d\u2019information ou donn\u00e9e personnelle relative aux personnes n\u2019ayant pas atteint l\u2019\u00e2ge l\u00e9gal de consommation et\/ou d\u2019achat d\u2019alcool selon la l\u00e9gislation en vigueur dans leur pays de r\u00e9sidence.<\/p>\n<h2>Conditions d\u2019utilisation<\/h2>\n<p><strong>1.\u00c9DITEUR \u2013 CONTACT<\/strong><\/p>\n<p>Le site Internet www.juneginliqueur.com (le \u00ab Site \u00bb) est \u00e9dit\u00e9 par MAISON VILLEVERT, Soci\u00e9t\u00e9 par Actions Simplifi\u00e9e au capital social : 3.453.155 euros dont le si\u00e8ge social est situ\u00e9 \u00e0 MERPINS (16) \u2013 Villevert \u2013 FRANCE, immatricul\u00e9e au RCS d\u2019Angoul\u00eame sous le num\u00e9ro 524 935 301 repr\u00e9sent\u00e9e par Mr Jean-S\u00e9bastien Robicquet, en sa qualit\u00e9 de pr\u00e9sident.<\/p>\n<p><strong>2. H\u00c9BERGEUR<\/strong><\/p>\n<p>Le Site est h\u00e9berg\u00e9 par la soci\u00e9t\u00e9 MAISON VILLEVERT S.A.S.<\/p>\n<h2>CONDITIONS G\u00c9N\u00c9RALES D\u2019UTILISATION DU SITE<\/h2>\n<p>Le Site est publi\u00e9 par MAISON VILLEVERT S.A.S., soci\u00e9t\u00e9 de droit fran\u00e7ais au capital de 3.453.155 euros dont le si\u00e8ge social est situ\u00e9 \u00e0 Villevert \u2013 16100 \u2013 Merpins- France, immatricul\u00e9e au RCS d\u2019Angoul\u00eame sous le n\u00b0 524 935 301 (ci-apr\u00e8s \u00ab MAISON VILLEVERT \u00bb).<\/p>\n<p>L\u2019utilisation du Site par toute personne (\u00ab l\u2019Utilisateur \u00bb) est r\u00e9gie par les pr\u00e9sentes conditions g\u00e9n\u00e9rales d\u2019utilisation (les \u00ab Conditions G\u00e9n\u00e9rales d\u2019Utilisation \u00bb). Les Conditions G\u00e9n\u00e9rales d\u2019Utilisation ont pour objet de d\u00e9finir les conditions d\u2019acc\u00e8s, et d\u2019utilisation du Site.<\/p>\n<p>En acc\u00e9dant au Site, vous acceptez sans r\u00e9serve l\u2019application des Conditions G\u00e9n\u00e9rales d\u2019Utilisation et des clauses applicables en mati\u00e8re de protection des donn\u00e9es personnelles (voir la Politique de Confidentialit\u00e9).<\/p>\n<p>MAISON VILLEVERT peut \u00e0 tout moment mettre \u00e0 jour les Conditions G\u00e9n\u00e9rales d\u2019Utilisation et la Politique de Confidentialit\u00e9. L\u2019utilisateur est invit\u00e9 \u00e0 les consulter r\u00e9guli\u00e8rement.<\/p>\n<p>Pour acc\u00e9der au Site, vous devez avoir atteint l\u2019\u00e2ge l\u00e9gal de consommation et\/ou d\u2019achat d\u2019alcool selon la l\u00e9gislation en vigueur dans votre pays de r\u00e9sidence (l\u2019\u00e2ge le plus \u00e9lev\u00e9 \u00e9tant celui pris en consid\u00e9ration).<\/p>\n<p>Si aucun \u00e2ge l\u00e9gal n\u2019existe dans votre pays de r\u00e9sidence, vous devez avoir au moins 21 ans pour acc\u00e9der au Site.<\/p>\n<p><strong>1. NAVIGATION SUR LE SITE<\/strong><\/p>\n<p><strong>1.1 ACC\u00c8S AU SITE<\/strong><\/p>\n<p>Les mat\u00e9riels et logiciels n\u00e9cessaires pour l\u2019acc\u00e8s au Site rel\u00e8vent de la responsabilit\u00e9 de l\u2019Utilisateur.<\/p>\n<p>MAISON VILLEVERT se r\u00e9serve le droit, \u00e0 sa seule discr\u00e9tion, de mettre fin \u00e0 l\u2019acc\u00e8s \u00e0 tout ou partie du Site ou de son contenu sans que cela soit susceptible de donner lieu \u00e0 une quelconque indemnisation au profit de l\u2019Utilisateur.<\/p>\n<p>Il est \u00e9videmment strictement interdit de modifier quelque \u00e9l\u00e9ment logiciel du Site que ce soit dans le but d\u2019obtenir un acc\u00e8s non autoris\u00e9 au Site.<\/p>\n<p><strong>1.2 COMPORTEMENT DE L\u2019UTILISATEUR<\/strong><\/p>\n<p>L\u2019Utilisateur du Site garantit :<\/p>\n<p>\u2013 Avoir l\u2019\u00e2ge l\u00e9gal requis pour consommer et\/ou acheter de l\u2019alcool selon la l\u00e9gislation en vigueur dans son pays de r\u00e9sidence ;<\/p>\n<p>\u2013 Utiliser le Site \u00e0 des fins licites et personnelles ;<\/p>\n<p>\u2013 Que, le cas \u00e9ch\u00e9ant, les donn\u00e9es qu\u2019il fournit sont exactes et sinc\u00e8res.<\/p>\n<p>Il est strictement interdit \u00e0 l\u2019Utilisateur de faire toutes d\u00e9clarations et\/ou d\u2019agir au nom et\/ou pour le compte de MAISON VILLEVERT, ses filiales et soci\u00e9t\u00e9s affili\u00e9es, pour quelque cause que ce soit.<\/p>\n<p>L\u2019Utilisateur doit adopter sur le Site un comportement responsable, licite, et respectueux \u00e0 l\u2019\u00e9gard des autres utilisateurs du Site, de MAISON VILLEVERT, de ses soci\u00e9t\u00e9s affili\u00e9es et des tiers.<\/p>\n<p>Il est notamment interdit \u00e0 l\u2019Utilisateur de :<\/p>\n<p>\u2013 T\u00e9l\u00e9charger vers le Site, afficher, envoyer par courrier \u00e9lectronique ou transmettre par tout autre moyen tout \u00e9l\u00e9ment contenant des virus logiciels, ou programmes informatiques con\u00e7us pour interrompre, d\u00e9truire ou limiter les fonctionnalit\u00e9s de tout logiciel ou de tout \u00e9quipement de t\u00e9l\u00e9communication ;<\/p>\n<p>\u2013 Perturber ou interrompre le fonctionnement du Site ;<\/p>\n<p>\u2013 Porter atteinte au fonctionnement du Site, notamment en exposant le Site \u00e0 un virus, en causant une surcharge de la bande passante ;<\/p>\n<p>\u2013 Consulter des informations qui ne lui sont pas destin\u00e9es ;<\/p>\n<p>\u2013 Exercer une activit\u00e9 ill\u00e9gale ou toute autre activit\u00e9 susceptible de porter pr\u00e9judice aux droits de MAISON VILLEVERT, de ses fournisseurs, prestataires, d\u00e9taillants, annonceurs ou autres personnes ;<\/p>\n<p>\u2013 T\u00e9l\u00e9charger vers le Site, afficher, envoyer par courrier \u00e9lectronique ou transmettre un contenu ill\u00e9gal, pr\u00e9judiciable, diffamatoire, offensant, raciste, vulgaire, obsc\u00e8ne, mena\u00e7ant, violent, contraire aux bonnes m\u0153urs, portant atteinte \u00e0 la vie priv\u00e9e d\u2019une personne, d\u00e9sobligeant ou choquant notamment d\u2019un point de vue racial ou ethnique ;<\/p>\n<p>\u2013 Envoyer par courrier \u00e9lectronique ou transmettre par tout autre moyen tout contenu du Site \u00e0 destination de personnes n\u2019ayant pas l\u2019\u00e2ge l\u00e9gal pour consommer de l\u2019alcool dans leur pays de r\u00e9sidence.<\/p>\n<p>Le cas \u00e9ch\u00e9ant, MAISON VILLEVERT s\u2019autorise \u00e0 mettre fin \u00e0 tout moment au droit d\u2019acc\u00e8s au Site de l\u2019Utilisateur ne respectant pas les obligations n\u00e9es des Conditions G\u00e9n\u00e9rales d\u2019Utilisation et\/ou de tout autre document compl\u00e9mentaire, sans pr\u00e9judice du droit de MAISON VILLEVERT de demander des dommages-int\u00e9r\u00eats.<\/p>\n<p><strong>1.3 CONTENU PUBLI\u00c9 PAR LES UTILISATEURS<\/strong><\/p>\n<p>Le cas \u00e9ch\u00e9ant, les utilisateurs du Site sont seuls responsables des contenus qu\u2019ils postent sur le Site et des cons\u00e9quences de leur diffusion, de leur publication, de leur transfert ou de leur mise \u00e0 disposition. MAISON VILLEVERT d\u00e9cline toute responsabilit\u00e9 relative au contenu post\u00e9 sur le Site, dans les limites de la r\u00e9glementation applicable.<\/p>\n<p>Toutefois, MAISON VILLEVERT se r\u00e9serve le droit de d\u00e9cider si le contenu post\u00e9 par les utilisateurs respecte les exigences sp\u00e9cifi\u00e9es dans les Conditions G\u00e9n\u00e9rales d\u2019Utilisation et peut supprimer tout contenu qui violerait ces Conditions G\u00e9n\u00e9rales d\u2019Utilisation.<\/p>\n<p>L\u2019Utilisateur accepte que MAISON VILLEVERT puisse librement utiliser, sans aucune restriction ni limitation de dur\u00e9e et \u00e0 titre gratuit, le contenu post\u00e9 sur le Site non seulement pour sa diffusion sur le Site mais \u00e9galement pour sa diffusion et reproduction sur tout autre support quel qu\u2019il soit pour la promotion et publicit\u00e9 de MAISON VILLEVERT, de ses produits et\/ou de ses services.<\/p>\n<p><strong>2. PROTECTION DU CONTENU DU SITE<\/strong><\/p>\n<p>Le Site et chacun des \u00e9l\u00e9ments qui le composent (notamment les textes, photographies, illustrations, images, sch\u00e9mas, textes, logos, marques, dessins et mod\u00e8les), y compris les \u00e9l\u00e9ments logiciels n\u00e9cessaires au fonctionnement du Site (le \u00ab Contenu \u00bb) peuvent contenir des informations confidentielles et des donn\u00e9es prot\u00e9g\u00e9es par le droit de la Propri\u00e9t\u00e9 Intellectuelle ou toute autre loi applicable. Les droits de Propri\u00e9t\u00e9 Intellectuelle sur le Contenu sont la propri\u00e9t\u00e9 exclusive de MAISON VILLEVERT, celle-ci ne conc\u00e9dant \u00e0 l\u2019Utilisateur aucune licence, ni aucun autre droit que celui de consulter le Site.<\/p>\n<p><strong>3. DONN\u00c9ES PERSONNELLES<\/strong><\/p>\n<p>MAISON VILLEVERT veille \u00e0 la protection des donn\u00e9es personnelles transmises, le cas \u00e9ch\u00e9ant, par l\u2019Utilisateur du Site. La Politique de Confidentialit\u00e9 pr\u00e9cise les dispositions mises en place pour garantir le traitement des donn\u00e9es. La collecte, le traitement, l\u2019usage, la transmission, la conservation et la protection des donn\u00e9es personnelles de l\u2019Utilisateur sont r\u00e9gies par la Politique de Confidentialit\u00e9.<\/p>\n<p><strong>4. RESPONSABILIT\u00c9<\/strong><\/p>\n<p>MAISON VILLEVERT s\u2019efforce d\u2019assurer l\u2019exactitude et la mise \u00e0 jour des informations qu\u2019elle diffuse sur le Site. MAISON VILLEVERT ne peut cependant pas garantir l\u2019exactitude, la pr\u00e9cision ou l\u2019exhaustivit\u00e9 des informations mises \u00e0 la disposition de l\u2019Utilisateurs sur le Site.<\/p>\n<p>MAISON VILLEVERT permet l\u2019acc\u00e8s au Site \u00e0 titre gratuit et d\u00e9cline toute responsabilit\u00e9 pour toute interruption du Site, en cas de survenance de virus informatiques, d\u2019erreurs d\u2019affichage ou de t\u00e9l\u00e9chargement, pour toute inexactitude portant sur le Contenu du Site, pour tous dommages r\u00e9sultant d\u2019une intrusion frauduleuse d\u2019un tiers et plus g\u00e9n\u00e9ralement pour tous les dommages directs et indirects, quelles qu\u2019en soient les causes ou cons\u00e9quences, pouvant survenir \u00e0 la suite de l\u2019acc\u00e8s au Site et r\u00e9sultant d\u2019une quelconque information provenant du Site.<\/p>\n<p><strong>5. DROIT APPLICABLE ET JURIDICTION COMP\u00c9TENTE<\/strong><\/p>\n<p>Les Conditions G\u00e9n\u00e9rales d\u2019Utilisation, ainsi que la Politique de Confidentialit\u00e9 sont r\u00e9gies par le droit fran\u00e7ais.<\/p>\n<p>Tout diff\u00e9rend concernant le Contenu et l\u2019utilisation du Site rel\u00e8ve de la comp\u00e9tence exclusive du tribunal comp\u00e9tent du ressort de la Cour d\u2019Appel de Bordeaux, y compris en cas d\u2019appel en garantie, de pluralit\u00e9 de d\u00e9fendeurs, de proc\u00e9dure en r\u00e9f\u00e9r\u00e9 ou sur requ\u00eate.<\/p>\n<p><strong>6. COOKIES ET NAVIGATION SUR LE SITE<\/strong><\/p>\n<p>Le serveur Web de la soci\u00e9t\u00e9 MAISON VILLEVERT collecte automatiquement les informations standard telles que l\u2019adresse IP de l\u2019utilisateur, le type de navigateur, le syst\u00e8me d\u2019exploitation, les temps d\u2019acc\u00e8s, etc.<\/p>\n<p>Le site www.juneginliqueur.com n\u2019utilise pas de cookies pour personnaliser le contenu de la page Web. Les cookies sont de petits fichiers \u00e9lectroniques qu\u2019un site Web peut transf\u00e9rer sur le disque dur d\u2019un utilisateur pour identifier l\u2019utilisateur et personnaliser son utilisation de ce site Web. Toutes les informations collect\u00e9es indirectement ne seront utilis\u00e9es par la soci\u00e9t\u00e9 MAISON VILLEVERT que pour suivre le volume, le type et la configuration du trafic utilisant ce site, pour d\u00e9velopper la conception et l\u2019agencement du site Web et \u00e0 d\u2019autres fins administratives et de planification.<\/p>\n","protected":false},"excerpt":{"rendered":"<p>Politique de confidentialit\u00e9 En nous communiquant vos renseignements et donn\u00e9es personnelles, vous consentez \u00e0 ce qu\u2019ils soient utilis\u00e9s et communiqu\u00e9s dans les conditions d\u00e9finies ci-dessous : 1. INFORMATIONS G\u00c9N\u00c9RALES Par l\u2019interm\u00e9diaire du Site, MAISON VILLEVERT peut \u00eatre amen\u00e9e \u00e0 collecter des donn\u00e9es personnelles communiqu\u00e9es notamment dans le cadre de demandes d\u2019informations (par exemple nom, pr\u00e9nom, [&hellip;]<\/p>\n","protected":false},"author":1,"featured_media":0,"parent":0,"menu_order":15,"comment_status":"closed","ping_status":"closed","template":"","meta":{"_acf_changed":false,"footnotes":""},"class_list":["post-48","page","type-page","status-publish","hentry"],"acf":[],"yoast_head":"<!-- This site is optimized with the Yoast SEO plugin v24.5 - https:\/\/yoast.com\/wordpress\/plugins\/seo\/ -->\n<title>Mentions l\u00e9gales - June Wild Peach<\/title>\n<meta name=\"robots\" content=\"index, follow, max-snippet:-1, max-image-preview:large, max-video-preview:-1\" \/>\n<link rel=\"canonical\" href=\"https:\/\/junewildpeach.com\/fr\/mentions_legales\/\" \/>\n<meta property=\"og:locale\" content=\"fr_FR\" \/>\n<meta property=\"og:type\" content=\"article\" \/>\n<meta property=\"og:title\" content=\"Mentions l\u00e9gales - June Wild Peach\" \/>\n<meta property=\"og:description\" content=\"Politique de confidentialit\u00e9 En nous communiquant vos renseignements et donn\u00e9es personnelles, vous consentez \u00e0 ce qu\u2019ils soient utilis\u00e9s et communiqu\u00e9s dans les conditions d\u00e9finies ci-dessous : 1. INFORMATIONS G\u00c9N\u00c9RALES Par l\u2019interm\u00e9diaire du Site, MAISON VILLEVERT peut \u00eatre amen\u00e9e \u00e0 collecter des donn\u00e9es personnelles communiqu\u00e9es notamment dans le cadre de demandes d\u2019informations (par exemple nom, pr\u00e9nom, [&hellip;]\" \/>\n<meta property=\"og:url\" content=\"https:\/\/junewildpeach.com\/fr\/mentions_legales\/\" \/>\n<meta property=\"og:site_name\" content=\"June Wild Peach\" \/>\n<meta property=\"article:modified_time\" content=\"2019-06-03T09:34:19+00:00\" \/>\n<meta name=\"twitter:card\" content=\"summary_large_image\" \/>\n<meta name=\"twitter:label1\" content=\"Dur\u00e9e de lecture estim\u00e9e\" \/>\n\t<meta name=\"twitter:data1\" content=\"11 minutes\" \/>\n<script type=\"application\/ld+json\" class=\"yoast-schema-graph\">{\"@context\":\"https:\/\/schema.org\",\"@graph\":[{\"@type\":\"WebPage\",\"@id\":\"https:\/\/junewildpeach.com\/fr\/mentions_legales\/\",\"url\":\"https:\/\/junewildpeach.com\/fr\/mentions_legales\/\",\"name\":\"Mentions l\u00e9gales - June Wild Peach\",\"isPartOf\":{\"@id\":\"https:\/\/junewildpeach.com\/fr\/#website\"},\"datePublished\":\"2019-05-29T16:15:19+00:00\",\"dateModified\":\"2019-06-03T09:34:19+00:00\",\"breadcrumb\":{\"@id\":\"https:\/\/junewildpeach.com\/fr\/mentions_legales\/#breadcrumb\"},\"inLanguage\":\"fr-FR\",\"potentialAction\":[{\"@type\":\"ReadAction\",\"target\":[\"https:\/\/junewildpeach.com\/fr\/mentions_legales\/\"]}]},{\"@type\":\"BreadcrumbList\",\"@id\":\"https:\/\/junewildpeach.com\/fr\/mentions_legales\/#breadcrumb\",\"itemListElement\":[{\"@type\":\"ListItem\",\"position\":1,\"name\":\"Accueil\",\"item\":\"https:\/\/junewildpeach.com\/fr\/\"},{\"@type\":\"ListItem\",\"position\":2,\"name\":\"Mentions l\u00e9gales\"}]},{\"@type\":\"WebSite\",\"@id\":\"https:\/\/junewildpeach.com\/fr\/#website\",\"url\":\"https:\/\/junewildpeach.com\/fr\/\",\"name\":\"June Wild Peach\",\"description\":\"\",\"potentialAction\":[{\"@type\":\"SearchAction\",\"target\":{\"@type\":\"EntryPoint\",\"urlTemplate\":\"https:\/\/junewildpeach.com\/fr\/?s={search_term_string}\"},\"query-input\":{\"@type\":\"PropertyValueSpecification\",\"valueRequired\":true,\"valueName\":\"search_term_string\"}}],\"inLanguage\":\"fr-FR\"}]}<\/script>\n<!-- \/ Yoast SEO plugin. -->","yoast_head_json":{"title":"Mentions l\u00e9gales - June Wild Peach","robots":{"index":"index","follow":"follow","max-snippet":"max-snippet:-1","max-image-preview":"max-image-preview:large","max-video-preview":"max-video-preview:-1"},"canonical":"https:\/\/junewildpeach.com\/fr\/mentions_legales\/","og_locale":"fr_FR","og_type":"article","og_title":"Mentions l\u00e9gales - June Wild Peach","og_description":"Politique de confidentialit\u00e9 En nous communiquant vos renseignements et donn\u00e9es personnelles, vous consentez \u00e0 ce qu\u2019ils soient utilis\u00e9s et communiqu\u00e9s dans les conditions d\u00e9finies ci-dessous : 1. INFORMATIONS G\u00c9N\u00c9RALES Par l\u2019interm\u00e9diaire du Site, MAISON VILLEVERT peut \u00eatre amen\u00e9e \u00e0 collecter des donn\u00e9es personnelles communiqu\u00e9es notamment dans le cadre de demandes d\u2019informations (par exemple nom, pr\u00e9nom, [&hellip;]","og_url":"https:\/\/junewildpeach.com\/fr\/mentions_legales\/","og_site_name":"June Wild Peach","article_modified_time":"2019-06-03T09:34:19+00:00","twitter_card":"summary_large_image","twitter_misc":{"Dur\u00e9e de lecture estim\u00e9e":"11 minutes"},"schema":{"@context":"https:\/\/schema.org","@graph":[{"@type":"WebPage","@id":"https:\/\/junewildpeach.com\/fr\/mentions_legales\/","url":"https:\/\/junewildpeach.com\/fr\/mentions_legales\/","name":"Mentions l\u00e9gales - June Wild Peach","isPartOf":{"@id":"https:\/\/junewildpeach.com\/fr\/#website"},"datePublished":"2019-05-29T16:15:19+00:00","dateModified":"2019-06-03T09:34:19+00:00","breadcrumb":{"@id":"https:\/\/junewildpeach.com\/fr\/mentions_legales\/#breadcrumb"},"inLanguage":"fr-FR","potentialAction":[{"@type":"ReadAction","target":["https:\/\/junewildpeach.com\/fr\/mentions_legales\/"]}]},{"@type":"BreadcrumbList","@id":"https:\/\/junewildpeach.com\/fr\/mentions_legales\/#breadcrumb","itemListElement":[{"@type":"ListItem","position":1,"name":"Accueil","item":"https:\/\/junewildpeach.com\/fr\/"},{"@type":"ListItem","position":2,"name":"Mentions l\u00e9gales"}]},{"@type":"WebSite","@id":"https:\/\/junewildpeach.com\/fr\/#website","url":"https:\/\/junewildpeach.com\/fr\/","name":"June Wild Peach","description":"","potentialAction":[{"@type":"SearchAction","target":{"@type":"EntryPoint","urlTemplate":"https:\/\/junewildpeach.com\/fr\/?s={search_term_string}"},"query-input":{"@type":"PropertyValueSpecification","valueRequired":true,"valueName":"search_term_string"}}],"inLanguage":"fr-FR"}]}},"_links":{"self":[{"href":"https:\/\/junewildpeach.com\/fr\/wp-json\/wp\/v2\/pages\/48","targetHints":{"allow":["GET"]}}],"collection":[{"href":"https:\/\/junewildpeach.com\/fr\/wp-json\/wp\/v2\/pages"}],"about":[{"href":"https:\/\/junewildpeach.com\/fr\/wp-json\/wp\/v2\/types\/page"}],"author":[{"embeddable":true,"href":"https:\/\/junewildpeach.com\/fr\/wp-json\/wp\/v2\/users\/1"}],"replies":[{"embeddable":true,"href":"https:\/\/junewildpeach.com\/fr\/wp-json\/wp\/v2\/comments?post=48"}],"version-history":[{"count":4,"href":"https:\/\/junewildpeach.com\/fr\/wp-json\/wp\/v2\/pages\/48\/revisions"}],"predecessor-version":[{"id":103,"href":"https:\/\/junewildpeach.com\/fr\/wp-json\/wp\/v2\/pages\/48\/revisions\/103"}],"wp:attachment":[{"href":"https:\/\/junewildpeach.com\/fr\/wp-json\/wp\/v2\/media?parent=48"}],"curies":[{"name":"wp","href":"https:\/\/api.w.org\/{rel}","templated":true}]}}