{"id":82,"date":"2019-05-29T18:15:19","date_gmt":"2019-05-29T16:15:19","guid":{"rendered":"http:\/\/juneginliqueur.com\/mentions_legales\/?lang=es"},"modified":"2019-06-03T12:14:41","modified_gmt":"2019-06-03T10:14:41","slug":"menciones_legales","status":"publish","type":"page","link":"https:\/\/junewildpeach.com\/es\/menciones_legales\/","title":{"rendered":"Menciones legales"},"content":{"rendered":"<h2>POL\u00cdTICA DE DATOS PERSONALES<\/h2>\n<p>Al dar su informaci\u00f3n y sus datos personales expresa su consentimiento al uso, an\u00e1lisis y, cuando corresponda, divulgaci\u00f3n de dicha informaci\u00f3n con arreglo a los t\u00e9rminos y condiciones que se describen m\u00e1s adelante.<\/p>\n<p><strong>1. INFORMACI\u00d3N GENERAL<\/strong><\/p>\n<p>MAISON VILLEVERT podr\u00e1 recopilar datos personales de los Usuarios a trav\u00e9s del Sitio (por ejemplo, nombre y apellidos, direcci\u00f3n de correo electr\u00f3nico, edad, ciudad, estado o pa\u00eds de residencia, n\u00famero de tel\u00e9fono) en relaci\u00f3n especialmente con la solicitud de documentos o servicios.<\/p>\n<p>Todos los datos personales que el Usario se proporcione a MAISON VILLEVERT para el uso de determinados servicios se rigen por la ley francesa n.\u00b0 78-17 \u00abInformatique et Libert\u00e9s\u00bb de 6 de enero de 1978 (con sus modificaciones).<\/p>\n<p><strong>2. DERECHO DE ACCESO, MODIFICACI\u00d3N Y ELIMINACI\u00d3N DE DATOS Y DE OPOSICI\u00d3N A SU PROCESAMIENTO<\/strong><\/p>\n<p>El Usario tiene derecho a acceder, modificar y eliminar sus datos personales, as\u00ed como a oponerse al procesamiento de dichos datos. Tambi\u00e9n tiene derecho a oponerse, sin coste alguno, al uso de sus datos personales para el env\u00edo de mensajes comerciales. El Usario puede ejercer estos derechos en cualquier momento por escrito a trav\u00e9s de correo electr\u00f3nico en la siguiente direcci\u00f3n : info@maisonvillevert.com.<\/p>\n<p><strong>3. GESTI\u00d3N DE DATOS PERSONALES<\/strong><\/p>\n<p>Objetivo de la recopilaci\u00f3n de datos :<\/p>\n<p>MAISON VILLEVERT recopila sus datos personales a trav\u00e9s del Sitio \u00fanicamente con las finalidades siguientes :<\/p>\n<p>\u2013 Gesti\u00f3n de relaciones con clientes y posibles clientes.<\/p>\n<p>\u2013 Segmentaci\u00f3n comercial, personalizaci\u00f3n de nuestros servicios y comunicaciones.<\/p>\n<p>\u2013 Env\u00edo de informaci\u00f3n acerca de MAISON VILLEVERT y sus actividades,<\/p>\n<p>\u2013 Elaboraci\u00f3n de estad\u00edsticas, estudios y an\u00e1lisis de marketing, mejoras del Sitio o de los productos y servicios de MAISON VILLEVERT.<\/p>\n<p>Le invitamos a consultar la secci\u00f3n \u00abDERECHO DE ACCESO, MODIFICACI\u00d3N Y ELIMINACI\u00d3N DE DATOS Y DE OPOSICI\u00d3N A SU PROCESAMIENTO\u00bb.<\/p>\n<p>Conservaci\u00f3n de datos :<\/p>\n<p>Los datos se conservar\u00e1n durante un periodo adecuado a la finalidad para la cual fueron recopilados y, en cualquier caso, se destruir\u00e1n una vez finalizado dicho periodo.<\/p>\n<p>Destinatarios de los datos :<\/p>\n<p>El destinatario de los datos es MAISON VILLEVERT.<\/p>\n<p>MAISON VILLEVERT podr\u00e1 compartir sus datos personales con otras entidades del grupo MAISON VILLEVERT, tanto dentro como fuera de Francia, para llevar a cabo la gesti\u00f3n de relaciones con clientes\/posibles clientes y prospecciones comerciales, as\u00ed como para la realizaci\u00f3n de estudios y estad\u00edsticas, siempre de acuerdo con las opciones que haya seleccionado al respecto.<\/p>\n<p>A excepci\u00f3n de los casos anteriormente mencionados, MAISON VILLEVERT \u00fanicamente podr\u00e1 comunicar sus datos personales a terceros en caso de que MAISON VILLEVERT deba compartir dicha informaci\u00f3n con terceros al objeto de proveer los productos o prestar los servicios que ha solicitado; o MAISON VILLEVERT se vea obligada por una autoridad judicial o cualquier otra autoridad administrativa a proporcionar dicha informaci\u00f3n.<\/p>\n<p>Seguridad y confidencialidad de los datos :<\/p>\n<p>MAISON VILLEVERT toma todas las precauciones a su alcance para salvaguardar de forma adecuada la seguridad y la confidencialidad de los datos personales que custodia y evitar que se modifiquen, corrompan, destruyan o que terceros no autorizados accedan a ellos.<\/p>\n<p>Sin embargo, MAISON VILLEVERT no puede controlar todos los riesgos relacionados con el uso de Internet y, por ello, advierte a los usuarios del Sitio de los riesgos potenciales que conlleva el funcionamiento y el uso de Internet.<\/p>\n<p><strong>4. CAMBIOS EN NUESTRA POL\u00cdTICA DE PRIVACIDAD<\/strong><\/p>\n<p>MAISON VILLEVERT se reserva el derecho a introducir cambios en esta pol\u00edtica. Nos aseguraremos de que sea informado de dichos cambios, bien a trav\u00e9s de un mensaje especial en el Sitio, o bien mediante una notificaci\u00f3n personalizada, por ejemplo junto al env\u00edo de los newsletters.<\/p>\n<p><strong>5. PROTECCI\u00d3N DE LAS PERSONAS MENORES DE EDAD A LOS EFECTOS DEL CONSUMO Y LA COMPRA DE BEBIDAS ALCOH\u00d3LICAS<\/strong><\/p>\n<p>El acceso al Sitio se rige por los T\u00e9rminos y Condiciones, por lo que MAISON VILLEVERT no podr\u00e1 recopilar datos ni informaci\u00f3n relativa a personas que sean menores de edad a los efectos del consumo y la compra de bebidas alcoh\u00f3licas en su pa\u00eds de residencia.<\/p>\n<h2><strong>Condiciones de uso<\/strong><\/h2>\n<p><strong>1. EDITOR \u2013 CONTACTO<\/strong><\/p>\n<p>El editor del sitio web www.juneginliqueur.com (el \u00abSitio\u00bb) es MAISON VILLEVERT S.A.S, una sociedad francesa con un Capital social de 3.453.155 euros, cuyo N\u00famero de inscripci\u00f3n en el Registro Mercantil de Angulema es 524 935 301, cuyo domicilio social es Villevert \u2013 16100 Merpins \u2013 France reprentado por Jean-S\u00e9bastien ROBICQUET como presidente.<\/p>\n<p><strong>2. ALOJAMIENTO<\/strong><\/p>\n<p>El proveedor del alojamiento del Sitio es MAISON VILLEVERT S.A.S<\/p>\n<p>T\u00c9RMINOS Y CONDICIONES DE USO<\/p>\n<p>El editor del Sitio es MAISON VILLEVERT S.A.S., una sociedad francesa con un capital social de 3.453.155 euros y domicilio social en Villevert \u2013 16100 Merpins \u2013 Francia. La sociedad est\u00e1 inscrita en el Registro Mercantil de Angulema, con el n.\u00b0 524 935 301 (\u00abMAISON VILLEVERT\u00bb). El uso de este Sitio por parte de cualquier persona (\u00abel Usuario\u00bb) se regir\u00e1 por estos t\u00e9rminos y condiciones de uso (los \u00abT\u00e9rminos y condiciones\u00bb). El objetivo de estos T\u00e9rminos y condiciones es definir las condiciones de acceso y uso del Sitio. Al acceder este Sitio, acepta aplicar sin restricciones estos T\u00e9rminos y Condiciones, as\u00ed como las disposiciones relacionadas con la protecci\u00f3n de datos personales (Pol\u00edtica de datos personales). MAISON VILLEVERT podr\u00e1 actualizar estos T\u00e9rminos y condiciones y la Pol\u00edtica de datos personales en cualquier momento. Es su responsabilidad releer peri\u00f3dicamente estos T\u00e9rminos y condiciones as\u00ed como la Pol\u00edtica de datos personales.<\/p>\n<p>MAISON VILLEVERT ofrece este Sitio solo a aquellas personas que hayan alcanzado la mayor\u00eda de edad para consumir o comprar bebidas alcoh\u00f3licas (la que sea superior) en su pa\u00eds de residencia, siempre y cuando el consumo y\/o la compra de bebidas alcoh\u00f3licas sea legal. Si su pa\u00eds de residencia no cuenta con una normativa a tal efecto, deber\u00e1 tener m\u00e1s de 21 a\u00f1os para acceder a este Sitio.<\/p>\n<p><strong>1. NAVEGACI\u00d3N POR EL SITIO<\/strong><\/p>\n<p><strong>1.1 ACCESO AL SITIO<\/strong><\/p>\n<p>El hardware y software necesarios para acceder a Internet y a este Sitio son responsabilidad exclusiva de los usuarios. MAISON VILLEVERT se reserva el derecho, seg\u00fan su \u00fanico criterio, de cancelar el acceso a parte o a la totalidad del Sitio o a sus contenidos sin otorgar a ning\u00fan Usuario el derecho de reclamar indemnizaci\u00f3n o compensaci\u00f3n alguna por ello.<\/p>\n<p>Queda terminantemente prohibido modificar el software o cualquiera de sus elementos para obtener acceso no autorizado al Sitio.<\/p>\n<p><strong>1.2 COMPORTAMIENTO RESPONSABLE POR PARTE DEL USUARIO<\/strong><\/p>\n<p>Cada usuario manifiesta:<\/p>\n<p>\u2013 que es mayor de edad a los efectos de consumir y\/o comprar bebidas alcoh\u00f3licas de conformidad con la normativa de su pa\u00eds de residencia,<\/p>\n<p>\u2013 que utiliza el Sitio exclusivamente para un uso personal y legal,<\/p>\n<p>\u2013 que, cuando corresponda, los datos personales que proporcione ser\u00e1n ciertos, y precisos.<\/p>\n<p>Al utilizar el Sitio, el Usuario debe comportarse de un modo responsable y legal, adem\u00e1s de dirigirse de forma respetuosa hacia el resto de usuarios, MAISON VILLEVERT, sus filiales, empresas afiliadas y terceros.<\/p>\n<p>Esta prohibido al Usuario de :<\/p>\n<p>\u2013 cargar, exhibir, enviar por correo electr\u00f3nico o cualquier otro medio, archivos que contengan virus, o elementos similares que pudieran afectar, interrumpir, destruir, da\u00f1ar o limitar las funcionalidades de cualquier material utilizado para las telecomunicaciones,<\/p>\n<p>\u2013 alterar o interrumpir el Sitio,<\/p>\n<p>\u2013 vulnerar el funcionamiento del Sitio, especialmente mediante la exposici\u00f3n del mismo a virus, la creaci\u00f3n de una sobrecarga de consultas en el Sitio,<\/p>\n<p>\u2013 consultar informaci\u00f3n privilegiada o que no sea de dominio p\u00fablico,<\/p>\n<p>\u2013 llevar a cabo cualquier actividad ilegal o cualquier otra actividad que pueda infringir los derechos de MAISON VILLEVERT, sus filiales, empresas afiliadas, proveedores, clientes y terceros,<\/p>\n<p>\u2013 cargar, exhibir, enviar por correo electr\u00f3nico o por cualquier otro medio contenido ilegal, perjudicial, difamatorio, ofensivo, racista, vulgar, obsceno, amenazante, violento, contrario a la decencia, desagradable, despreciativo, que infrinja los derechos de terceros o similares, y<\/p>\n<p>\u2013 enviar o transmitir, por correo electr\u00f3nico o por cualquier otro medio, contenidos del Sitio a personas que no hayan cumplido la edad legal para el consumo y\/o la compra de bebidas alcoh\u00f3licas en su pa\u00eds de residencia.<\/p>\n<p>Cuando corresponda, MAISON VILLEVERT se reserva el derecho, seg\u00fan su \u00fanico criterio, de denegar a cualquier Usuario el acceso al Sitio sin previo aviso en caso de incumplimiento de las obligaciones del usuario en virtud de estos T\u00e9rminos y condiciones y\/o documentaci\u00f3n auxiliar, sin perjuicio de poder reclamar da\u00f1os y perjuicios a dicho usuario.<\/p>\n<p><strong>1.3 CONTENIDO GENERADO POR EL USUARIO<\/strong><\/p>\n<p>Cuando corresponda, los usuarios ser\u00e1n los \u00fanicos responsables de cualquier contenido que puedan colgar o cargar en el Sitio y de las consecuencias de exhibir, reenviar, facilitar o difundir dicho contenido. MAISON VILLEVERT declina cualquier responsabilidad con respecto a dichos contenidos hasta donde permita la legislaci\u00f3n vigente. No obstante, MAISON VILLEVERT se reserva el derechode realizar el seguimiento del uso del Sitio y eliminar cualquier contenido que, seg\u00fan su \u00fanico criterio, pudiese infringir estos T\u00e9rminos y condiciones o pudiese ser ofensivo, ilegal o cuestionable por cualquier otro motivo.<\/p>\n<p>El Usuario acepta que MAISON VILLEVERT pueda utilizar de forma gratuita y pac\u00edfica, sin coste y sin ning\u00fan tipo de restricci\u00f3n, todo el contenido que se publique en el Sitio. Esto incluye la comunicaci\u00f3n de dicho contenido en el Sitio, as\u00ed como su comunicaci\u00f3n y reproducci\u00f3n a trav\u00e9s de cualquier otro medio o modo para la promoci\u00f3n y publicidad de EWG, sus productos y servicios.<\/p>\n<p><strong>2. PROTECCI\u00d3N DEL CONTENIDO DEL SITIO<\/strong><\/p>\n<p>El Sitio y todos sus elementos (incluyendo textos, im\u00e1genes, video, dise\u00f1os, marcas, logotipos y otros materiales disponibles o accesibles a trav\u00e9s del Sitio), as\u00ed como cualquier software que deba utilizarse con respecto a los elementos descritos (el \u00abContenido\u00bb), pueden contener informaci\u00f3n confidencial e informaci\u00f3n protegida por derechos de Propiedad Intelectual u otras leyes. MAISON VILLEVERT es la titular exclusiva de todos los derechos de propiedad intelectual relacionados con el Contenido y MAISON VILLEVERT no concede a ning\u00fan usuario ninguna licencia u otros derechos, m\u00e1s all\u00e1 del derecho a visualizar el Sitio.<\/p>\n<p><strong>3. DATOS PERSONALES<\/strong><\/p>\n<p>MAISON VILLEVERT garantiza la protecci\u00f3n de la informaci\u00f3n personal revelada por los usuarios del Sitio. La Pol\u00edtica de datos personales indica las medidas que se aplican para garantizar el tratamiento de los datos personales. Los procesos de recogida, tratamiento, uso, transmisi\u00f3n, conservaci\u00f3n y protecci\u00f3n de la informaci\u00f3n personal de los usuarios se rigen por la Pol\u00edtica de datos personales.<\/p>\n<p><strong>4. RESPONSABILIDAD<\/strong><\/p>\n<p>MAISON VILLEVERT se esfuerza por garantizar, en la medida de lo posible, que la informaci\u00f3n proporcionada en este Sitio sea correcta y actualizada. No obstante, MAISON VILLEVERT no puede garantizar la correcci\u00f3n, exactitud o exhaustividad de la informaci\u00f3n proporcionada en el Sitio.<\/p>\n<p>MAISON VILLEVERT permite el acceso libre al Sitio, pero declina cualquier responsabilidad y no podr\u00e1 ser considerada responsable en ning\u00fan caso por interrupciones del acceso al Sitio a los que se puede acceder a trav\u00e9s del Sitio; por la aparici\u00f3n de virus o problemas t\u00e9cnicos similares que afecten negativamente a su capacidad de acceder a este Sitio; por cualquier inexactitud, error aislado e imprevisto u omisi\u00f3n relacionada con la informaci\u00f3n o el Contenido disponible en el Sitio; por cualquier da\u00f1o derivado de una intrusi\u00f3n fraudulenta por parte de terceros; y de forma m\u00e1s general, por cualquier perdida o da\u00f1o directo o indirecto o derivado, con independencia de su causa, origen, naturaleza o consecuencias, que pueda producirse como resultado de cualquier tipo de acceso al Sitio o de la imposibilidad de acceder a lo del cr\u00e9dito otorgado a cualquier informaci\u00f3n que proceda directa o indirectamente del Sitio.<\/p>\n<p><strong>5. DERECHO APLICABLE Y ASIGNACI\u00d3N DE JURISDICCI\u00d3N<\/strong><\/p>\n<p>Estos T\u00e9rminos y condiciones (y la Pol\u00edtica de datos personales) se rigen por el derecho franc\u00e9s. Los Usuarios y MAISON VILLEVERT someten de forma irrevocable a la jurisdicci\u00f3n exclusiva de los tribunales competentes de Burdeos (Francia) cualquier reclamaci\u00f3n o asunto que se derive del Contenido o uso del Sitio o est\u00e9 relacionado con dicho Contenido o uso, incluidos los supuestos de garant\u00eda, pluralidad de demandados o procedimientos sumarios.<\/p>\n<p><strong>6. COOKIES<\/strong><\/p>\n<p>El servidor web de la empresa MAISON VILLEVERT recopila autom\u00e1ticamente informaci\u00f3n est\u00e1ndar como la direcci\u00f3n IP del usuario, el tipo de navegador, el sistema de explotaci\u00f3n, el tiempo de acceso, etc.<\/p>\n<p>El sitio www.juneginliqueur.com, no utiliza cookies para personalizar el contenido de la p\u00e1gina web. Los cookies son peque\u00f1os ficheros digitales que un sitio web puede transferir al disco duro de un usuario para identificar al usuario y personalizar el uso que hace de dicho sitio web. Toda la informaci\u00f3n recopilada indirectamente tan solo ser\u00e1 utilizada por la empresa MAISON VILLEVERT para hacer un seguimiento del volumen, el tipo y la configuraci\u00f3n del tr\u00e1fico que utiliza este sitio para desarrollar el dise\u00f1o y la disposici\u00f3n del sitio web y con otros fines administrativos y de planificaci\u00f3n.<\/p>\n","protected":false},"excerpt":{"rendered":"<p>POL\u00cdTICA DE DATOS PERSONALES Al dar su informaci\u00f3n y sus datos personales expresa su consentimiento al uso, an\u00e1lisis y, cuando corresponda, divulgaci\u00f3n de dicha informaci\u00f3n con arreglo a los t\u00e9rminos y condiciones que se describen m\u00e1s adelante. 1. INFORMACI\u00d3N GENERAL MAISON VILLEVERT podr\u00e1 recopilar datos personales de los Usuarios a trav\u00e9s del Sitio (por ejemplo, [&hellip;]<\/p>\n","protected":false},"author":1,"featured_media":0,"parent":0,"menu_order":15,"comment_status":"closed","ping_status":"closed","template":"","meta":{"_acf_changed":false,"footnotes":""},"class_list":["post-82","page","type-page","status-publish","hentry"],"acf":[],"yoast_head":"<!-- This site is optimized with the Yoast SEO plugin v24.5 - https:\/\/yoast.com\/wordpress\/plugins\/seo\/ -->\n<title>Menciones legales - June Wild Peach<\/title>\n<meta name=\"robots\" content=\"index, follow, max-snippet:-1, max-image-preview:large, max-video-preview:-1\" \/>\n<link rel=\"canonical\" href=\"https:\/\/junewildpeach.com\/es\/menciones_legales\/\" \/>\n<meta property=\"og:locale\" content=\"es_ES\" \/>\n<meta property=\"og:type\" content=\"article\" \/>\n<meta property=\"og:title\" content=\"Menciones legales - June Wild Peach\" \/>\n<meta property=\"og:description\" content=\"POL\u00cdTICA DE DATOS PERSONALES Al dar su informaci\u00f3n y sus datos personales expresa su consentimiento al uso, an\u00e1lisis y, cuando corresponda, divulgaci\u00f3n de dicha informaci\u00f3n con arreglo a los t\u00e9rminos y condiciones que se describen m\u00e1s adelante. 1. INFORMACI\u00d3N GENERAL MAISON VILLEVERT podr\u00e1 recopilar datos personales de los Usuarios a trav\u00e9s del Sitio (por ejemplo, [&hellip;]\" \/>\n<meta property=\"og:url\" content=\"https:\/\/junewildpeach.com\/es\/menciones_legales\/\" \/>\n<meta property=\"og:site_name\" content=\"June Wild Peach\" \/>\n<meta property=\"article:modified_time\" content=\"2019-06-03T10:14:41+00:00\" \/>\n<meta name=\"twitter:card\" content=\"summary_large_image\" \/>\n<meta name=\"twitter:label1\" content=\"Tiempo de lectura\" \/>\n\t<meta name=\"twitter:data1\" content=\"11 minutos\" \/>\n<script type=\"application\/ld+json\" class=\"yoast-schema-graph\">{\"@context\":\"https:\/\/schema.org\",\"@graph\":[{\"@type\":\"WebPage\",\"@id\":\"https:\/\/junewildpeach.com\/es\/menciones_legales\/\",\"url\":\"https:\/\/junewildpeach.com\/es\/menciones_legales\/\",\"name\":\"Menciones legales - June Wild Peach\",\"isPartOf\":{\"@id\":\"https:\/\/junewildpeach.com\/es\/#website\"},\"datePublished\":\"2019-05-29T16:15:19+00:00\",\"dateModified\":\"2019-06-03T10:14:41+00:00\",\"breadcrumb\":{\"@id\":\"https:\/\/junewildpeach.com\/es\/menciones_legales\/#breadcrumb\"},\"inLanguage\":\"es\",\"potentialAction\":[{\"@type\":\"ReadAction\",\"target\":[\"https:\/\/junewildpeach.com\/es\/menciones_legales\/\"]}]},{\"@type\":\"BreadcrumbList\",\"@id\":\"https:\/\/junewildpeach.com\/es\/menciones_legales\/#breadcrumb\",\"itemListElement\":[{\"@type\":\"ListItem\",\"position\":1,\"name\":\"Accueil\",\"item\":\"https:\/\/junewildpeach.com\/es\/\"},{\"@type\":\"ListItem\",\"position\":2,\"name\":\"Menciones legales\"}]},{\"@type\":\"WebSite\",\"@id\":\"https:\/\/junewildpeach.com\/es\/#website\",\"url\":\"https:\/\/junewildpeach.com\/es\/\",\"name\":\"June Wild Peach\",\"description\":\"\",\"potentialAction\":[{\"@type\":\"SearchAction\",\"target\":{\"@type\":\"EntryPoint\",\"urlTemplate\":\"https:\/\/junewildpeach.com\/es\/?s={search_term_string}\"},\"query-input\":{\"@type\":\"PropertyValueSpecification\",\"valueRequired\":true,\"valueName\":\"search_term_string\"}}],\"inLanguage\":\"es\"}]}<\/script>\n<!-- \/ Yoast SEO plugin. -->","yoast_head_json":{"title":"Menciones legales - June Wild Peach","robots":{"index":"index","follow":"follow","max-snippet":"max-snippet:-1","max-image-preview":"max-image-preview:large","max-video-preview":"max-video-preview:-1"},"canonical":"https:\/\/junewildpeach.com\/es\/menciones_legales\/","og_locale":"es_ES","og_type":"article","og_title":"Menciones legales - June Wild Peach","og_description":"POL\u00cdTICA DE DATOS PERSONALES Al dar su informaci\u00f3n y sus datos personales expresa su consentimiento al uso, an\u00e1lisis y, cuando corresponda, divulgaci\u00f3n de dicha informaci\u00f3n con arreglo a los t\u00e9rminos y condiciones que se describen m\u00e1s adelante. 1. INFORMACI\u00d3N GENERAL MAISON VILLEVERT podr\u00e1 recopilar datos personales de los Usuarios a trav\u00e9s del Sitio (por ejemplo, [&hellip;]","og_url":"https:\/\/junewildpeach.com\/es\/menciones_legales\/","og_site_name":"June Wild Peach","article_modified_time":"2019-06-03T10:14:41+00:00","twitter_card":"summary_large_image","twitter_misc":{"Tiempo de lectura":"11 minutos"},"schema":{"@context":"https:\/\/schema.org","@graph":[{"@type":"WebPage","@id":"https:\/\/junewildpeach.com\/es\/menciones_legales\/","url":"https:\/\/junewildpeach.com\/es\/menciones_legales\/","name":"Menciones legales - June Wild Peach","isPartOf":{"@id":"https:\/\/junewildpeach.com\/es\/#website"},"datePublished":"2019-05-29T16:15:19+00:00","dateModified":"2019-06-03T10:14:41+00:00","breadcrumb":{"@id":"https:\/\/junewildpeach.com\/es\/menciones_legales\/#breadcrumb"},"inLanguage":"es","potentialAction":[{"@type":"ReadAction","target":["https:\/\/junewildpeach.com\/es\/menciones_legales\/"]}]},{"@type":"BreadcrumbList","@id":"https:\/\/junewildpeach.com\/es\/menciones_legales\/#breadcrumb","itemListElement":[{"@type":"ListItem","position":1,"name":"Accueil","item":"https:\/\/junewildpeach.com\/es\/"},{"@type":"ListItem","position":2,"name":"Menciones legales"}]},{"@type":"WebSite","@id":"https:\/\/junewildpeach.com\/es\/#website","url":"https:\/\/junewildpeach.com\/es\/","name":"June Wild Peach","description":"","potentialAction":[{"@type":"SearchAction","target":{"@type":"EntryPoint","urlTemplate":"https:\/\/junewildpeach.com\/es\/?s={search_term_string}"},"query-input":{"@type":"PropertyValueSpecification","valueRequired":true,"valueName":"search_term_string"}}],"inLanguage":"es"}]}},"_links":{"self":[{"href":"https:\/\/junewildpeach.com\/es\/wp-json\/wp\/v2\/pages\/82","targetHints":{"allow":["GET"]}}],"collection":[{"href":"https:\/\/junewildpeach.com\/es\/wp-json\/wp\/v2\/pages"}],"about":[{"href":"https:\/\/junewildpeach.com\/es\/wp-json\/wp\/v2\/types\/page"}],"author":[{"embeddable":true,"href":"https:\/\/junewildpeach.com\/es\/wp-json\/wp\/v2\/users\/1"}],"replies":[{"embeddable":true,"href":"https:\/\/junewildpeach.com\/es\/wp-json\/wp\/v2\/comments?post=82"}],"version-history":[{"count":4,"href":"https:\/\/junewildpeach.com\/es\/wp-json\/wp\/v2\/pages\/82\/revisions"}],"predecessor-version":[{"id":114,"href":"https:\/\/junewildpeach.com\/es\/wp-json\/wp\/v2\/pages\/82\/revisions\/114"}],"wp:attachment":[{"href":"https:\/\/junewildpeach.com\/es\/wp-json\/wp\/v2\/media?parent=82"}],"curies":[{"name":"wp","href":"https:\/\/api.w.org\/{rel}","templated":true}]}}